{"id":150,"date":"2023-01-08T02:07:25","date_gmt":"2023-01-08T02:07:25","guid":{"rendered":"http:\/\/nomueraspobre.com\/?post_type=product&#038;p=150"},"modified":"2024-10-21T14:57:31","modified_gmt":"2024-10-21T13:57:31","slug":"no-mueras-pobre-edicion-impresa","status":"publish","type":"product","link":"https:\/\/nomueraspobre.com\/index.php\/producto\/no-mueras-pobre-edicion-impresa\/","title":{"rendered":"NO MUERAS POBRE edici\u00f3n impresa"},"content":{"rendered":"<p>&nbsp;<\/p>\n<p><span style=\"color: #000000\">Este no es un libro m\u00e1s escrito por un gur\u00fa o por un consultor que jam\u00e1s se arriesg\u00f3 en ning\u00fan negocio y vive de sus libros.<\/span><\/p>\n<p><span style=\"color: #000000\">Este libro recoge m\u00e1s de 30 a\u00f1os de experiencia real, de aprendizaje de miles y miles de horas con los mejores, de lectura de los mejores libros de emprendimiento, de marketing y de finanzas.<\/span><\/p>\n<p><span style=\"color: #000000\">Es la suma del conocimiento de haber creado 20 negocios diferentes a lo largo de su vida y de haber sido directivo de varias multinacionales.<\/span><\/p>\n<p><span style=\"color: #000000\">En este libro aprender\u00e1s las reglas m\u00e1s importantes para que tu cabeza empiece a pensar de manera diferente al resto.<\/span><\/p>\n<p><span style=\"color: #000000\">Aprender\u00e1s los trucos de como hacer much\u00edsimas cosas y de como actuar ante infinidad de situaciones sacando el mejor provecho para ti.<\/span><\/p>\n<p><span style=\"color: #000000\">Te ense\u00f1ar\u00e1 a no cometer muchos de los errores que la mayor\u00eda comete una y otra vez. Te ayudar\u00e1 a perder tus miedos y a romper barreras, a ganar confianza, a ganar seguridad, pero sobre todo, te ense\u00f1ar\u00e1 las reglas necesarias para que puedas proteger tu futuro y el de tu familia.<\/span><\/p>\n","protected":false},"excerpt":{"rendered":"<h4><strong>Pr\u00f3ximamente disponible.\u00a0<\/strong><\/h4>\n<p>Estamos trabajando en una nueva edici\u00f3n de No Mueras Pobre. D\u00e9janos tus datos y te enviaremos un correo cuando est\u00e9 disponible.<\/p>\n<div class=\"forminator-ui forminator-custom-form forminator-custom-form-164 forminator-design--default  forminator_ajax\" data-forminator-render=\"0\" data-form=\"forminator-module-164\" data-uid=\"69e37dfda51de\"><br\/><\/div><form\n\t\t\t\tid=\"forminator-module-164\"\n\t\t\t\tclass=\"forminator-ui forminator-custom-form forminator-custom-form-164 forminator-design--default  forminator_ajax\"\n\t\t\t\tmethod=\"post\"\n\t\t\t\tdata-forminator-render=\"0\"\n\t\t\t\tdata-form-id=\"164\"\n\t\t\t\t data-color-option=\"default\" data-design=\"default\" data-grid=\"open\" style=\"display: none;\"\n\t\t\t\tdata-uid=\"69e37dfda51de\"\n\t\t\t><div role=\"alert\" aria-live=\"polite\" class=\"forminator-response-message forminator-error\" aria-hidden=\"true\"><\/div><div class=\"forminator-row\"><div id=\"name-1\" class=\"forminator-field-name forminator-col forminator-col-12 \"><div class=\"forminator-row forminator-no-margin\" data-multiple=\"true\"><div class=\"forminator-col forminator-col-md-6\"><div class=\"forminator-field\"><label for=\"forminator-field-first-name-1_69e37dfda51de\" id=\"forminator-field-first-name-1_69e37dfda51de-label\" class=\"forminator-label\">Nombre <span class=\"forminator-required\">*<\/span><\/label><input type=\"text\" name=\"name-1-first-name\" placeholder=\"Ejemplo: Juan\" id=\"forminator-field-first-name-1_69e37dfda51de\" class=\"forminator-input\" aria-required=\"true\" data-multi=\"1\" autocomplete=\"given-name\" value=\"\" \/><\/div><\/div><div class=\"forminator-col forminator-col-md-6\"><div class=\"forminator-field\"><label for=\"forminator-field-last-name-1_69e37dfda51de\" id=\"forminator-field-last-name-1_69e37dfda51de-label\" class=\"forminator-label\">Apellidos <span class=\"forminator-required\">*<\/span><\/label><input type=\"text\" name=\"name-1-last-name\" placeholder=\"Ejemplo: P\u00e9rez\" id=\"forminator-field-last-name-1_69e37dfda51de\" class=\"forminator-input\" aria-required=\"true\" data-multi=\"1\" autocomplete=\"family-name\" value=\"\" \/><\/div><\/div><\/div><\/div><\/div><div class=\"forminator-row\"><div id=\"email-1\" class=\"forminator-field-email forminator-col forminator-col-12 \"><div class=\"forminator-field\"><label for=\"forminator-field-email-1_69e37dfda51de\" id=\"forminator-field-email-1_69e37dfda51de-label\" class=\"forminator-label\">Correo electr\u00f3nico <span class=\"forminator-required\">*<\/span><\/label><input type=\"email\" name=\"email-1\" value=\"\" placeholder=\"Ej . : john@nomueraspobre.com\" id=\"forminator-field-email-1_69e37dfda51de\" class=\"forminator-input forminator-email--field\" data-required=\"true\" aria-required=\"true\" autocomplete=\"email\" \/><\/div><\/div><\/div><div class=\"forminator-row\"><div id=\"phone-1\" class=\"forminator-field-phone forminator-col forminator-col-12 \"><div class=\"forminator-field\"><label for=\"forminator-field-phone-1_69e37dfda51de\" id=\"forminator-field-phone-1_69e37dfda51de-label\" class=\"forminator-label\">N\u00famero de tel\u00e9fono<\/label><input type=\"text\" name=\"phone-1\" value=\"\" placeholder=\"Ejemplo: +34 637101010\" id=\"forminator-field-phone-1_69e37dfda51de\" class=\"forminator-input forminator-field--phone\" data-required=\"\" aria-required=\"false\" autocomplete=\"off\" data-validation=\"1\" \/><\/div><\/div><\/div><div class=\"forminator-row\"><div id=\"consent-1\" class=\"forminator-field-consent forminator-col forminator-col-12 \"><div class=\"forminator-field\"><label for=\"forminator-field-consent-1_69e37dfda51de\" id=\"forminator-field-consent-1_69e37dfda51de-label\" class=\"forminator-label\">Consent <span class=\"forminator-required\">*<\/span><\/label><div class=\"forminator-checkbox__wrapper\"><label id=\"forminator-field-consent-1_69e37dfda51de__label\" class=\"forminator-checkbox forminator-consent\"><input type=\"checkbox\" name=\"consent-1\" id=\"forminator-field-consent-1_69e37dfda51de\" value=\"checked\" aria-labelledby=\"forminator-field-consent-1_69e37dfda51de-label\" aria-describedby=\"forminator-field-consent-1_69e37dfda51de__description\" data-required=\"true\" aria-required=\"true\" \/><span class=\"forminator-checkbox-box\" aria-hidden=\"true\"><\/span><\/label><div id=\"forminator-field-consent-1_69e37dfda51de__description\" class=\"forminator-checkbox__label forminator-consent__label\"><p>S\u00ed, acepto la <a href=\"http:\/\/nomueraspobre.com\/index.php\/politica-de-privacidad\/\" target=\"_blank\" rel=\"noopener\">pol\u00edtica de privacidad\u00a0<\/a><\/p><\/div><\/div><\/div><\/div><\/div><input type=\"hidden\" name=\"referer_url\" value=\"\" \/><div class=\"forminator-row forminator-row-last\"><div class=\"forminator-col\"><div class=\"forminator-field\"><button class=\"forminator-button forminator-button-submit\">Subscribirse<\/button><\/div><\/div><\/div><input type=\"hidden\" id=\"forminator_nonce\" name=\"forminator_nonce\" value=\"bafd6fa66b\" \/><input type=\"hidden\" name=\"_wp_http_referer\" value=\"\/index.php\/wp-json\/wp\/v2\/product\/150\" \/><input type=\"hidden\" name=\"form_id\" value=\"164\"><input type=\"hidden\" name=\"page_id\" value=\"150\"><input type=\"hidden\" name=\"form_type\" value=\"default\"><input type=\"hidden\" name=\"current_url\" value=\"https:\/\/nomueraspobre.com\/index.php\/producto\/no-mueras-pobre-edicion-impresa\/\"><input type=\"hidden\" name=\"render_id\" value=\"0\"><input type=\"hidden\" name=\"action\" value=\"forminator_submit_form_custom-forms\"><\/form>\n<p>&nbsp;<\/p>\n<table>\n<thead>\n<tr>\n<th style=\"text-align: left\">Editorial<\/th>\n<td>RAUL DEL MOLINO<\/td>\n<\/tr>\n<\/thead>\n<tbody>\n<tr>\n<td><strong>P\u00e1ginas<\/strong><\/td>\n<td>144<\/td>\n<\/tr>\n<tr>\n<td><strong>Dimensiones\u00a0 \u00a0<\/strong><\/td>\n<td>23&#215;15 cm<\/td>\n<\/tr>\n<tr>\n<td><strong>Idioma<\/strong><\/td>\n<td>Espa\u00f1ol<\/td>\n<\/tr>\n<tr>\n<td><strong>ISBN<\/strong><\/td>\n<td>9788409416547<\/td>\n<\/tr>\n<tr>\n<td><strong>ISBN-10<\/strong><\/td>\n<td>8409416549<\/td>\n<\/tr>\n<tr>\n<td><strong>Encuadernaci\u00f3n.\u00a0 \u00a0\u00a0<\/strong><\/td>\n<td>R\u00fastica<\/td>\n<\/tr>\n<\/tbody>\n<\/table>\n","protected":false},"featured_media":143,"comment_status":"closed","ping_status":"closed","template":"","meta":[],"product_cat":[20],"product_tag":[23,22],"class_list":{"0":"post-150","1":"product","2":"type-product","3":"status-publish","4":"has-post-thumbnail","6":"product_cat-libros-impresos","7":"product_tag-ebook","8":"product_tag-libro-digital","10":"first","11":"outofstock","12":"purchasable","13":"product-type-simple"},"aioseo_notices":[],"_links":{"self":[{"href":"https:\/\/nomueraspobre.com\/index.php\/wp-json\/wp\/v2\/product\/150","targetHints":{"allow":["GET"]}}],"collection":[{"href":"https:\/\/nomueraspobre.com\/index.php\/wp-json\/wp\/v2\/product"}],"about":[{"href":"https:\/\/nomueraspobre.com\/index.php\/wp-json\/wp\/v2\/types\/product"}],"replies":[{"embeddable":true,"href":"https:\/\/nomueraspobre.com\/index.php\/wp-json\/wp\/v2\/comments?post=150"}],"wp:featuredmedia":[{"embeddable":true,"href":"https:\/\/nomueraspobre.com\/index.php\/wp-json\/wp\/v2\/media\/143"}],"wp:attachment":[{"href":"https:\/\/nomueraspobre.com\/index.php\/wp-json\/wp\/v2\/media?parent=150"}],"wp:term":[{"taxonomy":"product_cat","embeddable":true,"href":"https:\/\/nomueraspobre.com\/index.php\/wp-json\/wp\/v2\/product_cat?post=150"},{"taxonomy":"product_tag","embeddable":true,"href":"https:\/\/nomueraspobre.com\/index.php\/wp-json\/wp\/v2\/product_tag?post=150"}],"curies":[{"name":"wp","href":"https:\/\/api.w.org\/{rel}","templated":true}]}}