{"id":3,"date":"2022-06-09T13:38:28","date_gmt":"2022-06-09T12:38:28","guid":{"rendered":"http:\/\/nomueraspobre.com\/?page_id=3"},"modified":"2023-01-08T16:35:05","modified_gmt":"2023-01-08T16:35:05","slug":"politica-de-privacidad","status":"publish","type":"page","link":"https:\/\/nomueraspobre.com\/index.php\/politica-de-privacidad\/","title":{"rendered":"Pol\u00edtica de Privacidad"},"content":{"rendered":"<h6 class=\"privacy-policy-h1\"><span style=\"color: #000000;\">\u00daltima actualizaci\u00f3n el 1 de enero de 2023<\/span><br \/>\n<span style=\"color: #000000;\">Fecha de vigencia 01-ene-2023<\/span><\/h6>\n<p class=\"privacy-policy-p\"><span style=\"color: #000000;\">Esta Pol\u00edtica de Privacidad describe las pol\u00edticas de <strong>No mueras pobre.com<\/strong> (Santa Cruz de Tenerife -, Espa\u00f1a. <\/span><strong style=\"color: #000000;\">email:<\/strong><span style=\"color: #000000;\"> info@nomueraspobre.com) <\/span><span style=\"color: #000000;\">sobre la recopilaci\u00f3n, uso y divulgaci\u00f3n de su informaci\u00f3n que recopilamos cuando utiliza nuestro sitio web ( https:\/\/nomueraspobre.com ).\u00a0<\/span><\/p>\n<p class=\"privacy-policy-p\"><span style=\"color: #000000;\"> Al acceder o utilizar el Servicio, usted acepta la recopilaci\u00f3n, el uso y la divulgaci\u00f3n de su informaci\u00f3n de acuerdo con esta Pol\u00edtica de privacidad. Si no da su consentimiento, no acceda ni utilice el Servicio.<\/span><\/p>\n<p class=\"privacy-policy-p\"><span style=\"color: #000000;\">Podemos modificar esta Pol\u00edtica de privacidad en cualquier momento sin previo aviso y ser\u00e1 publicada en consecuencia de dichas modificaciones. La Pol\u00edtica revisada entrar\u00e1 en vigencia desde que la revisada se publique y el acceso o uso continuo del Servicio constituir\u00e1 su aceptaci\u00f3n. Por lo tanto, le recomendamos qu\u00e9 revise peri\u00f3dicamente esta p\u00e1gina.<\/span><\/p>\n<p>&nbsp;<\/p>\n<ol class=\"pol\u00edtica-de-privacidad-ol\">\n<li>\n<h3 class=\"privacy-policy-h2\"><span style=\"color: #000000;\">Informaci\u00f3n que recopilamos:<\/span><\/h3>\n<p class=\"privacy-policy-p\"><span style=\"color: #000000;\">Recopilaremos y procesaremos la siguiente informaci\u00f3n personal sobre usted:<\/span><\/p>\n<ol class=\"pol\u00edtica-de-privacidad-ol\">\n<li><span style=\"color: #000000;\">Nombre<\/span><\/li>\n<li><span style=\"color: #000000;\">Correo electr\u00f3nico<\/span><\/li>\n<li><span style=\"color: #000000;\">Tel\u00e9fono (si se facilitara)<\/span><\/li>\n<\/ol>\n<\/li>\n<li>\n<h3 class=\"privacy-policy-h2\"><span style=\"color: #000000;\">C\u00f3mo usamos su informaci\u00f3n:<\/span><\/h3>\n<p class=\"privacy-policy-p\"><span style=\"color: #000000;\">Usaremos la informaci\u00f3n que recopilamos sobre usted para los siguientes prop\u00f3sitos:<\/span><\/p>\n<ol class=\"pol\u00edtica-de-privacidad-ol\">\n<li><span style=\"color: #000000;\">Creaci\u00f3n de cuenta de usuario<\/span><\/li>\n<li><span style=\"color: #000000;\">Testimonios<\/span><\/li>\n<li><span style=\"color: #000000;\">Recopilaci\u00f3n de comentarios<\/span><\/li>\n<li><span style=\"color: #000000;\">Procesamiento pago<\/span><\/li>\n<li><span style=\"color: #000000;\">Soporte t\u00e9cnico<\/span><\/li>\n<li><span style=\"color: #000000;\">Informaci\u00f3n de administraci\u00f3n<\/span><\/li>\n<li><span style=\"color: #000000;\">Gestionar pedidos de clientes<\/span><\/li>\n<li><span style=\"color: #000000;\">Resoluci\u00f3n de disputas<\/span><\/li>\n<li><span style=\"color: #000000;\">Administrar cuenta de usuario<\/span><\/li>\n<\/ol>\n<p class=\"privacy-policy-p\"><span style=\"color: #000000;\">Si quisi\u00e9ramos usar su informaci\u00f3n para cualquier otro prop\u00f3sito, le pediremos su consentimiento y usaremos dicho informaci\u00f3n solo al recibir dicho consentimiento, solo para los fines para los que otorgue el consentimiento, a menos que la ley nos exija lo contrario.<\/span><\/p>\n<\/li>\n<li>\n<h3 class=\"privacy-policy-h2\"><span style=\"color: #000000;\">Conservaci\u00f3n de su informaci\u00f3n:<\/span><\/h3>\n<p class=\"privacy-policy-p\"><span style=\"color: #000000;\">Conservaremos su informaci\u00f3n personal durante 90 d\u00edas a 2 a\u00f1os despu\u00e9s de que los usuarios cancelen sus cuentas o durante el tiempo que necesitemos para cumplir con los fines para los que se recopil\u00f3 dicha informaci\u00f3n conforme se detalla en esta Pol\u00edtica de privacidad. Es posible que necesitemos conservar cierta informaci\u00f3n durante per\u00edodos m\u00e1s largos, como el mantenimiento de registros\/informes de acuerdo con la ley aplicable o por otras razones leg\u00edtimas, como el cumplimiento de los derechos legales, la prevenci\u00f3n del fraude, etc.\u00a0<\/span><\/p>\n<\/li>\n<li>\n<h3 class=\"privacy-policy-h2\"><span style=\"color: #000000;\">Sus derechos:<\/span><\/h3>\n<p class=\"privacy-policy-p\"><span style=\"color: #000000;\">Dependiendo de la ley aplicable, puede tener derecho a acceder y rectificar o borrar sus datos personales o recibir una copia de sus datos personales, restringir u oponerse al procesamiento activo de sus datos, solicitarnos que compartamos (portar) su informaci\u00f3n personal a otra entidad, retiremos cualquier consentimiento que nos haya brindado para procesar sus datos, el derecho a presentar una queja ante una autoridad y cualquier otro derecho que pueda ser relevante bajo las leyes aplicables. Para ejercer estos derechos, puede escribirnos a <strong>info@nomueraspobre.com.<\/strong> Responderemos a su solicitud de acuerdo con la ley aplicable.<\/span><\/p>\n<p class=\"privacy-policy-p\"><span style=\"color: #000000;\">Puede optar por no recibir comunicaciones de marketing directo o la elaboraci\u00f3n de perfiles que llevamos a cabo con fines de marketing escribi\u00e9ndonos a <strong>info@nomueraspobre.com.<\/strong><\/span><\/p>\n<p class=\"privacy-policy-p\"><span style=\"color: #000000;\">Tenga en cuenta que si no nos permite recopilar o procesar la informaci\u00f3n personal requerida o retira el consentimiento para procesar la misma por los fines requeridos, es posible que no pueda acceder o utilizar nuestros servicios.<\/span><\/p>\n<\/li>\n<li>\n<h3 class=\"privacy-policy-h2\"><span style=\"color: #000000;\">Cookies, etc.<\/span><\/h3>\n<p class=\"privacy-policy-p\"><span style=\"color: #000000;\">Para obtener m\u00e1s informaci\u00f3n sobre c\u00f3mo usamos \u00e9stas o sus opciones en relaci\u00f3n con estas tecnolog\u00edas de seguimiento, consulte nuestra <a style=\"color: #000000;\" href=\"https:\/\/nomueraspobre.com\/index.php\/politica-de-cookies\/\">Pol\u00edtica de Cookies.<\/a><\/span><\/p>\n<\/li>\n<li>\n<h3 class=\"privacy-policy-h2\"><span style=\"color: #000000;\">Seguridad:<\/span><\/h3>\n<p class=\"privacy-policy-p\"><span style=\"color: #000000;\">La seguridad de su informaci\u00f3n es importante para nosotros y utilizaremos medidas de seguridad razonables para evitar la p\u00e9rdida, mal uso o alteraci\u00f3n no autorizada de su informaci\u00f3n bajo nuestro control. Sin embargo, dados los riesgos inherentes, no podemos garantizar la seguridad absoluta y, en consecuencia, no podemos asegurar ni garantizar la seguridad de cualquier informaci\u00f3n que nos transmita y lo hace bajo su propio riesgo.<\/span><\/p>\n<\/li>\n<li>\n<h3 class=\"privacy-policy-h2\"><span style=\"color: #000000;\">Delegado de protecci\u00f3n de datos\/quejas:<\/span><\/h3>\n<p class=\"privacy-policy-p\"><span style=\"color: #000000;\">Si tiene alguna consulta o inquietud sobre el procesamiento de su informaci\u00f3n que est\u00e1 disponible con nosotros, puede enviar un correo electr\u00f3nico a nuestro oficial de quejas a No mueras pobre.com, -, email: <strong>info@nomueraspobre.com<\/strong>. Abordaremos sus inquietudes de acuerdo con la ley aplicable.<\/span><\/p>\n<\/li>\n<\/ol>\n<p class=\"pol\u00edtica-de-privacidad-p\">\n<p>&nbsp;<\/p>\n<p>&nbsp;<\/p>\n","protected":false},"excerpt":{"rendered":"<p>\u00daltima actualizaci\u00f3n el 1 de enero de 2023 Fecha de vigencia 01-ene-2023 Esta Pol\u00edtica de Privacidad describe las pol\u00edticas de No mueras pobre.com (Santa Cruz de<span class=\"excerpt-hellip\"> [\u2026]<\/span><\/p>\n","protected":false},"author":1,"featured_media":0,"parent":0,"menu_order":0,"comment_status":"closed","ping_status":"closed","template":"","meta":{"footnotes":""},"class_list":["post-3","page","type-page","status-publish","hentry"],"aioseo_notices":[],"_links":{"self":[{"href":"https:\/\/nomueraspobre.com\/index.php\/wp-json\/wp\/v2\/pages\/3","targetHints":{"allow":["GET"]}}],"collection":[{"href":"https:\/\/nomueraspobre.com\/index.php\/wp-json\/wp\/v2\/pages"}],"about":[{"href":"https:\/\/nomueraspobre.com\/index.php\/wp-json\/wp\/v2\/types\/page"}],"author":[{"embeddable":true,"href":"https:\/\/nomueraspobre.com\/index.php\/wp-json\/wp\/v2\/users\/1"}],"replies":[{"embeddable":true,"href":"https:\/\/nomueraspobre.com\/index.php\/wp-json\/wp\/v2\/comments?post=3"}],"version-history":[{"count":10,"href":"https:\/\/nomueraspobre.com\/index.php\/wp-json\/wp\/v2\/pages\/3\/revisions"}],"predecessor-version":[{"id":205,"href":"https:\/\/nomueraspobre.com\/index.php\/wp-json\/wp\/v2\/pages\/3\/revisions\/205"}],"wp:attachment":[{"href":"https:\/\/nomueraspobre.com\/index.php\/wp-json\/wp\/v2\/media?parent=3"}],"curies":[{"name":"wp","href":"https:\/\/api.w.org\/{rel}","templated":true}]}}